{"id":2,"date":"2016-05-10T03:48:21","date_gmt":"2016-05-10T03:48:21","guid":{"rendered":"https:\/\/rousseaucaroline.com\/?page_id=2"},"modified":"2021-02-03T14:00:57","modified_gmt":"2021-02-03T14:00:57","slug":"sample-page","status":"publish","type":"page","link":"https:\/\/rousseaucaroline.com\/","title":{"rendered":"Accueil"},"content":{"rendered":"\n<div class=\"wp-container-7 wp-block-columns alignwide are-vertically-aligned-top\">\n<div class=\"wp-container-3 wp-block-column is-vertically-aligned-top\">\n<div class=\"wp-container-2 wp-block-group alignwide\"><div class=\"wp-block-group__inner-container\">\n<div class=\"wp-block-image is-style-default\"><figure class=\"aligncenter size-full is-resized\"><img loading=\"lazy\" src=\"http:\/\/rousseaucaroline.com\/wp-content\/uploads\/2021\/02\/PORTRAIT-WIX-2.jpg\" alt=\"\" class=\"wp-image-20\" width=\"267\" height=\"243\"\/><\/figure><\/div>\n\n\n\n<div class=\"wp-container-1 wp-block-buttons aligncenter\">\n<div class=\"wp-block-button is-style-fill\"><a class=\"wp-block-button__link has-gray-color has-green-background-color has-text-color has-background no-border-radius\" href=\"https:\/\/www.doctolib.fr\/dieteticien\/saint-germain-en-laye\/caroline-rousseau\" target=\"_blank\" rel=\"noreferrer noopener\">Prendre rendez-vous<\/a><\/div>\n<\/div>\n<\/div><\/div>\n<\/div>\n\n\n\n<div class=\"wp-container-6 wp-block-column is-vertically-aligned-top\">\n<div class=\"wp-container-5 wp-block-group\"><div class=\"wp-block-group__inner-container\">\n<div class=\"wp-container-4 wp-block-group is-style-default has-blue-background-color has-background\"><div class=\"wp-block-group__inner-container\">\n<h4>\u00c0 propos<\/h4>\n\n\n\n<p class=\"has-extra-small-font-size\"><strong>Je pr\u00f4ne une alimentation instinctive et bienveillante.<\/strong><br>Di\u00e9t\u00e9ticienne anti-restriction, anti-r\u00e9gime,<br>Sp\u00e9cialiste du comportement et \u00e9ducatrice en nutrition. <\/p>\n\n\n\n<p class=\"has-extra-small-font-size\">Manger ne se limite pas \u00e0 ingurgiter des aliments et \u00e0 faire la somme des calories ing\u00e9r\u00e9es. <strong>Notre corps sait ce dont il a besoin, il suffit de l&rsquo;\u00e9couter et de lui r\u00e9pondre.<\/strong><br>Nous travaillons ensemble afin de comprendre les besoins et les comportements alimentaires de chacun, pour que manger reste un plaisir.\u200b<\/p>\n<\/div><\/div>\n<\/div><\/div>\n<\/div>\n<\/div>\n","protected":false},"excerpt":{"rendered":"<p>\u00c0 propos Je pr\u00f4ne une alimentation instinctive et bienveillante.Di\u00e9t\u00e9ticienne anti-restriction, anti-r\u00e9gime,Sp\u00e9cialiste du comportement et \u00e9ducatrice en nutrition. Manger ne se limite pas \u00e0 ingurgiter des aliments et \u00e0 faire la somme des calories ing\u00e9r\u00e9es. Notre corps sait ce dont il a besoin, il suffit de l&rsquo;\u00e9couter et de lui r\u00e9pondre.Nous travaillons ensemble afin de comprendre&hellip; <a class=\"more-link\" href=\"https:\/\/rousseaucaroline.com\/\">Poursuivre la lecture <span class=\"screen-reader-text\">Accueil<\/span><\/a><\/p>\n","protected":false},"author":1,"featured_media":0,"parent":0,"menu_order":0,"comment_status":"closed","ping_status":"open","template":"","meta":{"_eb_attr":""},"_links":{"self":[{"href":"https:\/\/rousseaucaroline.com\/index.php?rest_route=\/wp\/v2\/pages\/2"}],"collection":[{"href":"https:\/\/rousseaucaroline.com\/index.php?rest_route=\/wp\/v2\/pages"}],"about":[{"href":"https:\/\/rousseaucaroline.com\/index.php?rest_route=\/wp\/v2\/types\/page"}],"author":[{"embeddable":true,"href":"https:\/\/rousseaucaroline.com\/index.php?rest_route=\/wp\/v2\/users\/1"}],"replies":[{"embeddable":true,"href":"https:\/\/rousseaucaroline.com\/index.php?rest_route=%2Fwp%2Fv2%2Fcomments&post=2"}],"version-history":[{"count":9,"href":"https:\/\/rousseaucaroline.com\/index.php?rest_route=\/wp\/v2\/pages\/2\/revisions"}],"predecessor-version":[{"id":34,"href":"https:\/\/rousseaucaroline.com\/index.php?rest_route=\/wp\/v2\/pages\/2\/revisions\/34"}],"wp:attachment":[{"href":"https:\/\/rousseaucaroline.com\/index.php?rest_route=%2Fwp%2Fv2%2Fmedia&parent=2"}],"curies":[{"name":"wp","href":"https:\/\/api.w.org\/{rel}","templated":true}]}}