{"id":28,"date":"2021-02-03T13:58:32","date_gmt":"2021-02-03T13:58:32","guid":{"rendered":"https:\/\/rousseaucaroline.com\/?page_id=28"},"modified":"2021-02-04T07:13:36","modified_gmt":"2021-02-04T07:13:36","slug":"prestations","status":"publish","type":"page","link":"https:\/\/rousseaucaroline.com\/?page_id=28","title":{"rendered":"Prestations"},"content":{"rendered":"\n<div class=\"wp-block-cover alignwide has-white-background-color has-background-dim has-parallax is-repeated is-style-default\" style=\"background-image:url(http:\/\/rousseaucaroline.com\/wp-content\/uploads\/2021\/02\/a936fed67f61499e9facde45392e47c8.jpg);min-height:150px\"><div class=\"wp-block-cover__inner-container\">\n<p class=\"has-text-align-center has-gray-color has-text-color\" style=\"font-size:60px\"><em>Prestations<\/em><\/p>\n<\/div><\/div>\n\n\n\n<div class=\"wp-container-8 wp-block-columns alignwide are-vertically-aligned-top\">\n<div class=\"wp-container-5 wp-block-column is-vertically-aligned-top\">\n<div class=\"wp-block-cover alignwide has-background-dim-70 has-white-background-color has-background-dim has-custom-content-position is-position-top-center\" style=\"background-image:url(http:\/\/rousseaucaroline.com\/wp-content\/uploads\/2021\/02\/c15438c9a46b4d29a6327afa8eb52d4a.jpg)\"><div class=\"wp-block-cover__inner-container\">\n<p class=\"has-text-align-left has-gray-color has-text-color has-large-font-size\"><em><strong>1<sup>\u00e8re<\/sup> CONSULTATION<\/strong><\/em><\/p>\n\n\n\n<div class=\"wp-container-4 wp-block-group\"><div class=\"wp-block-group__inner-container\">\n<div class=\"wp-container-3 wp-block-group\"><div class=\"wp-block-group__inner-container\">\n<div class=\"wp-container-2 wp-block-group\"><div class=\"wp-block-group__inner-container\">\n<div class=\"wp-container-1 wp-block-group\"><div class=\"wp-block-group__inner-container\">\n<p class=\"has-gray-color has-text-color\"><strong><em>Bilan approfondi<\/em><\/strong> <strong><em>:<\/em><\/strong><br><em>&#8211; rapport \u00e0 l&rsquo;alimentation<\/em><br><em>&#8211; connaissances nutritionnelles<\/em><br><em>&#8211; comportement alimentaire \u200b <\/em><br><br><strong><em>\u00c9valuation des besoins : <\/em><\/strong><br><em>&#8211; objectifs vari\u00e9s d\u00e9finis ensemble \u200b <\/em><\/p>\n\n\n\n<p class=\"has-gray-color has-text-color\"><strong><em>1h &#8211; 1h15 <\/em><\/strong><br><strong><em>60 \u20ac + Forfaits sur mesure<\/em><\/strong><\/p>\n<\/div><\/div>\n<\/div><\/div>\n<\/div><\/div>\n<\/div><\/div>\n<\/div><\/div>\n<\/div>\n\n\n\n<div class=\"wp-container-6 wp-block-column is-vertically-aligned-top\">\n<div class=\"wp-block-cover alignwide has-background-dim-70 has-white-background-color has-background-dim has-custom-content-position is-position-top-center\" style=\"background-image:url(http:\/\/rousseaucaroline.com\/wp-content\/uploads\/2021\/02\/8f8dbc41377144ce800ef95c8889e3fb.jpg);min-height:451px\"><div class=\"wp-block-cover__inner-container\">\n<p class=\"has-text-align-left has-gray-color has-text-color has-large-font-size\"><em><strong>Consultations de SUIVI<\/strong><\/em><\/p>\n\n\n\n<p class=\"has-gray-color has-text-color\"><em><strong>Alimentation instinctive :<\/strong><br>&#8211; les d\u00e9buts, les apprentissages, les rejets<br>&#8211; apprendre \u00e0 \u00e9couter nos app\u00e9tits sp\u00e9cifiques<br>&#8211; r\u00e9pondre \u00e0 nos besoins<br>&#8211; se r\u00e9concilier avec l&rsquo;alimentation <\/em>\u200b <\/p>\n\n\n\n<p class=\"has-gray-color has-text-color\"><em><strong>45 min <br>50 \u20ac + Forfaits sur mesure<\/strong><\/em><\/p>\n<\/div><\/div>\n<\/div>\n\n\n\n<div class=\"wp-container-7 wp-block-column is-vertically-aligned-top\">\n<div class=\"wp-block-cover alignwide has-background-dim-70 has-white-background-color has-background-dim has-custom-content-position is-position-top-center\" style=\"background-image:url(http:\/\/rousseaucaroline.com\/wp-content\/uploads\/2021\/02\/0509f257392744129433294f43c1310c.jpg);min-height:457px\"><div class=\"wp-block-cover__inner-container\">\n<p class=\"has-gray-color has-text-color has-large-font-size\"><strong><em>ATELIERS<\/em><\/strong><\/p>\n\n\n\n<p class=\"has-text-align-left\"><em><strong>Exemples d&rsquo;ateliers : <\/strong><\/em><br><em>&#8211; app\u00e9tits \u00e9motionnels<\/em><br><em>&#8211; conna\u00eetre ses sensations faim\/sati\u00e9t\u00e9<\/em><br><em>&#8211; nos enfants et l&rsquo;alimentation instinctive<\/em><br><em>&#8211; la m\u00e9nopause <\/em><br><em>&#8211; \u2026 \u200b \u200b <\/em><\/p>\n\n\n\n<p><strong><em>1h30 <\/em><br><em>20 \u20ac<\/em><\/strong><\/p>\n<\/div><\/div>\n\n\n\n<p><\/p>\n<\/div>\n<\/div>\n\n\n\n<p><\/p>\n","protected":false},"excerpt":{"rendered":"","protected":false},"author":1,"featured_media":0,"parent":0,"menu_order":0,"comment_status":"closed","ping_status":"closed","template":"","meta":{"_eb_attr":""},"_links":{"self":[{"href":"https:\/\/rousseaucaroline.com\/index.php?rest_route=\/wp\/v2\/pages\/28"}],"collection":[{"href":"https:\/\/rousseaucaroline.com\/index.php?rest_route=\/wp\/v2\/pages"}],"about":[{"href":"https:\/\/rousseaucaroline.com\/index.php?rest_route=\/wp\/v2\/types\/page"}],"author":[{"embeddable":true,"href":"https:\/\/rousseaucaroline.com\/index.php?rest_route=\/wp\/v2\/users\/1"}],"replies":[{"embeddable":true,"href":"https:\/\/rousseaucaroline.com\/index.php?rest_route=%2Fwp%2Fv2%2Fcomments&post=28"}],"version-history":[{"count":27,"href":"https:\/\/rousseaucaroline.com\/index.php?rest_route=\/wp\/v2\/pages\/28\/revisions"}],"predecessor-version":[{"id":100,"href":"https:\/\/rousseaucaroline.com\/index.php?rest_route=\/wp\/v2\/pages\/28\/revisions\/100"}],"wp:attachment":[{"href":"https:\/\/rousseaucaroline.com\/index.php?rest_route=%2Fwp%2Fv2%2Fmedia&parent=28"}],"curies":[{"name":"wp","href":"https:\/\/api.w.org\/{rel}","templated":true}]}}