{"id":9,"date":"2021-02-03T12:55:00","date_gmt":"2021-02-03T12:55:00","guid":{"rendered":"https:\/\/rousseaucaroline.com\/?page_id=9"},"modified":"2021-02-04T07:17:12","modified_gmt":"2021-02-04T07:17:12","slug":"contact","status":"publish","type":"page","link":"https:\/\/rousseaucaroline.com\/?page_id=9","title":{"rendered":"Contact"},"content":{"rendered":"\n<div class=\"wp-block-cover alignwide has-white-background-color has-background-dim has-parallax is-style-default\" style=\"background-image:url(http:\/\/rousseaucaroline.com\/wp-content\/uploads\/2021\/02\/1cc85cbea2ae49e3abdecbb7a4bc6904-scaled.jpg);min-height:150px\"><div class=\"wp-block-cover__inner-container\">\n<p class=\"has-text-align-center has-gray-color has-text-color\" style=\"font-size:60px\"><em>Contact<\/em><\/p>\n<\/div><\/div>\n\n\n\n<div class=\"wp-container-4 wp-block-columns alignwide\">\n<div class=\"wp-container-2 wp-block-column\">\n<div class=\"wp-container-1 wp-block-group alignwide is-style-default has-green-background-color has-background\"><div class=\"wp-block-group__inner-container\">\n<p class=\"has-extra-small-font-size\">Mon cabinet se trouve en centre ville, \u00e0 proximit\u00e9 des parkings publics et du RER A.<\/p>\n\n\n\n<p class=\"has-extra-small-font-size\">Je vous re\u00e7ois sur rendez-vous du lundi au samedi.<\/p>\n\n\n\n<p>N&rsquo;h\u00e9sitez pas \u00e0 me contacter.<\/p>\n\n\n\n<p class=\"has-extra-small-font-size\">T\u00e9l : 07 67 97 78 58<br>Email : rousseau.dietetique@gmail.com<\/p>\n\n\n\n<p class=\"has-extra-small-font-size\">28, rue des Louviers<br>78100 Saint Germain en Laye<\/p>\n<\/div><\/div>\n<\/div>\n\n\n\n<div class=\"wp-container-3 wp-block-column\">\n<div class=\"wp-block-webfactory-map\"><div class=\"wp-block-webfactory-map\"><iframe loading=\"lazy\" width=\"100%\" height=\"450px\" src=\"https:\/\/www.google.com\/maps\/embed\/v1\/place?q=28%20rue%20des%20louviers%2C%20&amp;maptype=roadmap&amp;zoom=15&amp;key=AIzaSyAjyDspiPfzEfjRSS5fQzm-3jHFjHxeXB4\" frameborder=\"0\"><\/iframe><\/div><\/div>\n<\/div>\n<\/div>\n","protected":false},"excerpt":{"rendered":"<p>Mon cabinet se trouve en centre ville, \u00e0 proximit\u00e9 des parkings publics et du RER A. Je vous re\u00e7ois sur rendez-vous du lundi au samedi. N&rsquo;h\u00e9sitez pas \u00e0 me contacter. T\u00e9l : 07 67 97 78 58Email : rousseau.dietetique@gmail.com 28, rue des Louviers78100 Saint Germain en Laye<\/p>\n","protected":false},"author":1,"featured_media":0,"parent":0,"menu_order":0,"comment_status":"closed","ping_status":"closed","template":"","meta":{"_eb_attr":""},"_links":{"self":[{"href":"https:\/\/rousseaucaroline.com\/index.php?rest_route=\/wp\/v2\/pages\/9"}],"collection":[{"href":"https:\/\/rousseaucaroline.com\/index.php?rest_route=\/wp\/v2\/pages"}],"about":[{"href":"https:\/\/rousseaucaroline.com\/index.php?rest_route=\/wp\/v2\/types\/page"}],"author":[{"embeddable":true,"href":"https:\/\/rousseaucaroline.com\/index.php?rest_route=\/wp\/v2\/users\/1"}],"replies":[{"embeddable":true,"href":"https:\/\/rousseaucaroline.com\/index.php?rest_route=%2Fwp%2Fv2%2Fcomments&post=9"}],"version-history":[{"count":8,"href":"https:\/\/rousseaucaroline.com\/index.php?rest_route=\/wp\/v2\/pages\/9\/revisions"}],"predecessor-version":[{"id":101,"href":"https:\/\/rousseaucaroline.com\/index.php?rest_route=\/wp\/v2\/pages\/9\/revisions\/101"}],"wp:attachment":[{"href":"https:\/\/rousseaucaroline.com\/index.php?rest_route=%2Fwp%2Fv2%2Fmedia&parent=9"}],"curies":[{"name":"wp","href":"https:\/\/api.w.org\/{rel}","templated":true}]}}